{"id":2736,"date":"2021-08-03T10:46:24","date_gmt":"2021-08-03T08:46:24","guid":{"rendered":"https:\/\/bia.netzhautflimmern.ch\/?page_id=2736"},"modified":"2021-08-03T10:46:25","modified_gmt":"2021-08-03T08:46:25","slug":"impressum-datenschutz","status":"publish","type":"page","link":"https:\/\/biacosmetic.ch\/en\/impressum-datenschutz\/","title":{"rendered":"Impressum &#038; Datenschutz"},"content":{"rendered":"<section class=\"av_textblock_section \"  itemscope=\"itemscope\" itemtype=\"https:\/\/schema.org\/CreativeWork\" ><div class='avia_textblock  '   itemprop=\"text\" ><p><strong>Flow &amp; Balance, K. Zeppenfeld<\/strong><br \/>\nKatrin Zeppenfeld<br \/>\nDufourstrasse 197<br \/>\n8008 Z\u00fcrich<\/p>\n<p><strong>Wer sind wir?<\/strong><\/p>\n<p>Die Adresse unserer Website lautet: https:\/\/flow-and-balance.com<\/p>\n<p>Verantwortliche Stelle im Sinne der Datenschutzgesetze, insbesondere der EU-Datenschutzgrundverordnung (DSGVO), lautet:<\/p>\n<p>Katrin Zeppenfeld<br \/>\nDufourstrasse 197<br \/>\n8008 Z\u00fcrich<\/p>\n<p>E-Mail: info@flow-and-balance.com<\/p>\n<p><strong>Allgemeiner Hinweis<\/strong><br \/>\nGest\u00fctzt auf Artikel 13 der schweizerischen Bundesverfassung und die datenschutzrechtlichen Bestimmungen des Bundes (Datenschutzgesetz, DSG) hat jede Person Anspruch auf Schutz ihrer Privatsph\u00e4re sowie auf Schutz vor Missbrauch ihrer pers\u00f6nlichen Daten.<\/p>\n<p>Die Betreiber dieser Webseite nehmen den Schutz Ihrer pers\u00f6nlichen Daten sehr ernst. Daher behandeln wir Ihre personenbezogenen Daten vertraulich und entsprechend der gesetzlichen Datenschutzvorschriften sowie der vorliegenden Datenschutzerkl\u00e4rung. Pers\u00f6nliche Daten werden streng vertraulich behandelt und weder an Dritte verkauft noch weiter gegeben.<\/p>\n<p>In enger Zusammenarbeit mit unseren Hosting-Providern bem\u00fchen wir uns, die Datenbanken so gut wie m\u00f6glich vor fremden Zugriffen, Verlusten, Missbrauch oder vor F\u00e4lschung zu sch\u00fctzen.<\/p>\n<p>Wir weisen darauf hin, dass die Daten\u00fcbertragung im Internet grunds\u00e4tzlich Sicherheitsl\u00fccken aufweisen kann. Ein l\u00fcckenloser Schutz der Daten vor dem Zugriff durch Dritte ist daher nicht m\u00f6glich. Allerdings setzen wir alles daran, unsere Webseite stets auf aktuellstem Sicherheitsstand zu halten.<\/p>\n<p>Beim Zugriff auf unsere Webseiten werden folgende Daten in Logfiles gespeichert: IP-Adresse, Datum, Uhrzeit, Browser-Anfrage und allg. \u00fcbertragene Informationen zum Betriebssystem resp. Browser. Die Webseite kann grunds\u00e4tzlich ohne Registrierung besucht werden.<\/p>\n<p>Durch die Nutzung dieser Webseite erkl\u00e4ren Sie sich mit der Erhebung, Verarbeitung und Nutzung von Daten gem\u00e4ss der nachfolgenden Beschreibung einverstanden.<\/p>\n<p><strong>Datenschutzerkl\u00e4rung f\u00fcr Cookies<\/strong><br \/>\nDiese Webseite verwendet Cookies. Das sind kleine Textdateien, die es m\u00f6glich machen, auf dem Endger\u00e4t des Nutzers spezifische, auf den Nutzer bezogene Informationen zu speichern, w\u00e4hrend er die Website nutzt.<\/p>\n<p>Cookies erm\u00f6glichen es, insbesondere Nutzungsh\u00e4ufigkeit und Nutzeranzahl der Seiten zu ermitteln, Verhaltensweisen der Seitennutzung zu analysieren, aber auch unser Angebot kundenfreundlicher zu gestalten.<\/p>\n<p>Cookies bleiben \u00fcber das Ende einer Browser-Sitzung gespeichert und k\u00f6nnen bei einem erneuten Seitenbesuch wieder aufgerufen werden. Wenn Sie das nicht w\u00fcnschen, sollten Sie Ihren Internetbrowser so einstellen, dass er die Annahme von Cookies verweigert.<\/p>\n<p>Wenn Sie einen Kommentar auf unserer Website schreiben, kann das eine Einwilligung sein, Ihren Namen, E-Mail-Adresse und Website in Cookies zu speichern. Dies ist eine Komfortfunktion, damit Sie nicht, wenn Sie einen weiteren Kommentar schreiben, all diese Daten erneut eingeben m\u00fcssen. Diese Cookies werden ein Jahr lang gespeichert.<\/p>\n<p>Falls Sie ein Konto haben und Sie sich auf dieser Website anmelden, werden wir ein tempor\u00e4res Cookie setzen, um festzustellen, ob Ihr Browser Cookies akzeptiert. Dieses Cookie enth\u00e4lt keine personenbezogenen Daten und wird verworfen, wenn du deinen Browser schliesst.<\/p>\n<p>Wenn Sie sich anmelden, werden wir einige Cookies einrichten, um Ihre Anmeldeinformationen und Anzeigeoptionen zu speichern. Anmelde-Cookies verfallen nach zwei Tagen und Cookies f\u00fcr die Anzeigeoptionen nach einem Jahr. Falls Sie bei der Anmeldung \u201eAngemeldet bleiben\u201c ausw\u00e4hlen, wird Ihre Anmeldung zwei Wochen lang aufrechterhalten. Mit der Abmeldung aus Ihrem Konto werden die Anmelde-Cookies gel\u00f6scht.<\/p>\n<p><strong>Datenschutzerkl\u00e4rung f\u00fcr SSL-Verschl\u00fcsselung<\/strong><br \/>\nDiese Webseite nutzt aus Gr\u00fcnden der Sicherheit und zum Schutz der \u00dcbertragung vertraulicher Inhalte, wie zum Beispiel der Anfragen, die Sie an uns als Seitenbetreiber senden, eine SSL-Verschl\u00fcsselung. Eine verschl\u00fcsselte Verbindung erkennen Sie daran, dass die Adresszeile des Browsers von &#8220;http:\/\/&#8221; auf &#8220;https:\/\/&#8221; wechselt und an dem Schloss-Symbol in Ihrer Browserzeile.<\/p>\n<p>Wenn die SSL Verschl\u00fcsselung aktiviert ist, k\u00f6nnen die Daten, die Sie an uns \u00fcbermitteln, nicht von Dritten mitgelesen werden.<\/p>\n<p><strong>Datenschutzerkl\u00e4rung f\u00fcr Server-Log-Files<\/strong><br \/>\nDer Websitebetreiber bzw. Seitenprovider erhebt Daten \u00fcber Zugriffe auf die Seite und speichert diese als \u201eServer-Logfiles\u201c ab. Folgende Daten werden so protokolliert:<\/p>\n<p>Besuchte Website<br \/>\nUhrzeit zum Zeitpunkt des Zugriffes<br \/>\nMenge der gesendeten Daten in Byte<br \/>\nQuelle\/Verweis, von welchem Sie auf die Seite gelangten<br \/>\nVerwendeter Browser<br \/>\nVerwendetes Betriebssystem<br \/>\nVerwendete IP-Adresse (ggf.: in anonymisierter Form)<br \/>\nDie erhobenen Daten dienen lediglich statistischen Auswertungen und zur Verbesserung der Website. Der Websitebetreiber beh\u00e4lt sich allerdings vor, die Server-Logfiles nachtr\u00e4glich zu \u00fcberpr\u00fcfen, sollten konkrete Anhaltspunkte auf eine rechtswidrige Nutzung hinweisen.<\/p>\n<p><strong>Datenschutzerkl\u00e4rung f\u00fcr Kontaktformular<\/strong><br \/>\nWenn Besucher Kommentare auf der Website schreiben, sammeln wir die Daten, die im Kommentar-Formular angezeigt werden, au\u00dferdem die IP-Adresse des Besuchers und den User-Agent-String (damit wird der Browser identifiziert), um die Erkennung von Spam zu unterst\u00fctzen.<\/p>\n<p>Aus deiner E-Mail-Adresse kann eine anonymisierte Zeichenfolge erstellt (auch Hash genannt) und dem Gravatar-Dienst \u00fcbergeben werden, um zu pr\u00fcfen, ob du diesen benutzt. Die Datenschutzerkl\u00e4rung des Gravatar-Dienstes findest du hier: https:\/\/automattic.com\/privacy\/. Nachdem dein Kommentar freigegeben wurde, ist dein Profilbild \u00f6ffentlich im Kontext deines Kommentars sichtbar.<\/p>\n<p><strong>Wohin wir Ihre Daten senden<\/strong><br \/>\nBesucher-Kommentare k\u00f6nnen von einem automatisierten Dienst zur Spam-Erkennung untersucht werden.<\/p>\n<p><strong>Datenschutzerkl\u00e4rung f\u00fcr Recht auf Auskunft, L\u00f6schung, Sperrung<\/strong><br \/>\nSie haben das Recht auf Auskunft \u00fcber Ihre gespeicherten personenbezogenen Daten, deren Herkunft und Empf\u00e4nger und den Zweck der Datenverarbeitung sowie ein Recht auf Berichtigung oder L\u00f6schung dieser Daten. Zu Fragen zum Thema personenbezogene Daten wenden Sie sich an die im Impressum angegebenen Adresse.<\/p>\n<p><strong>Datenschutzerkl\u00e4rung f\u00fcr Google Analytics<\/strong><br \/>\nDiese WebSite verwendet Google Analytics, einen Webanalysedienst von Google Inc., 1600 Amphitheatre Parkway, Mountain View, CA 94043, USA. Zur Deaktivierung von Google Analytiscs stellt Google unter https:\/\/tools.google.com\/dlpage\/gaoptout?hl=de ein Browser-Plug-In zur Verf\u00fcgung. Google Analytics verwendet Cookies. Das sind kleine Textdateien, die es m\u00f6glich machen, auf dem Endger\u00e4t des Nutzers spezifische, auf den Nutzer bezogene Informationen zu speichern. Diese erm\u00f6glichen eine Analyse der Nutzung unseres Websiteangebotes durch Google. Die durch den Cookie erfassten Informationen \u00fcber die Nutzung unserer Seiten (einschliesslich Ihrer IP-Adresse) werden in der Regel an einen Server von Google in den USA \u00fcbertragen und dort gespeichert. Wir weisen darauf hin, dass auf dieser Website Google Analytics um den Code \u201egat._anonymizeIp();\u201c erweitert wurde, um eine anonymisierte Erfassung von IP-Adressen (sog. IP-Masking) zu gew\u00e4hrleisten. Ist die Anonymisierung aktiv, k\u00fcrzt Google IP-Adressen innerhalb von Mitgliedstaaten der Europ\u00e4ischen Union oder in anderen Vertragsstaaten des Abkommens \u00fcber den Europ\u00e4ischen Wirtschaftsraum, weswegen keine R\u00fcckschl\u00fcsse auf Ihre Identit\u00e4t m\u00f6glich sind. Nur in Ausnahmef\u00e4llen wird die volle IP-Adresse an einen Server von Google in den USA \u00fcbertragen und dort gek\u00fcrzt. Google beachtet die Datenschutzbestimmungen des \u201ePrivacy Shield\u201c-Abkommens und ist beim \u201ePrivacy Shield\u201c-Programm des US-Handelsministeriums registriert und nutzt die gesammelten Informationen, um die Nutzung unserer Websites auszuwerten, Berichte f\u00fcr uns diesbez\u00fcglich zu verfassen und andere diesbez\u00fcgliche Dienstleistungen an uns zu erbringen. Mehr erfahren Sie unter https:\/\/www.google.com\/intl\/de\/analytics\/privacyoverview.html.<\/p>\n<p><strong>Datenschutzerkl\u00e4rung f\u00fcr Google AdSense<\/strong><br \/>\nDiese WebSite benutzt Google AdSense, einen Dienst zum Einbinden von Werbeanzeigen von Google Inc., 1600 Amphitheatre Parkway, Mountain View, CA 94043, USA. GoogleAdSense verwendet sog. &#8220;Cookies&#8221;, Textdateien, die auf Ihrem Computer gespeichert werden und die eine Analyse der Benutzung der Website erm\u00f6glicht. Google AdSense verwendet auch so genannte Web Beacons (unsichtbare Grafiken). Durch diese Web Beacons k\u00f6nnen Informationen wie der Besucherverkehr auf diesen Seiten ausgewertet werden. Die durch Cookies und Web Beacons erzeugten Informationen \u00fcber die Benutzung dieser Website (einschlie\u00dflich Ihrer IP-Adresse) und Auslieferung von Werbeformaten werden an einen Server von Google in den USA \u00fcbertragen und dort gespeichert. Diese Informationen k\u00f6nnen von Google an Vertragspartner von Google weiter gegeben werden. Google wird Ihre IP-Adresse jedoch nicht mit anderen von Ihnen gespeicherten Daten zusammenf\u00fchren. Sie k\u00f6nnen die Installation der Cookies durch eine entsprechende Einstellung Ihrer Browser Software verhindern; wir weisen Sie jedoch darauf hin, dass Sie in diesem Fall gegebenenfalls nicht s\u00e4mtliche Funktionen dieser Website voll umf\u00e4nglich nutzen k\u00f6nnen. Durch die Nutzung dieser Website erkl\u00e4ren Sie sich mit der Bearbeitung der \u00fcber Sie erhobenen Daten durch Google in der zuvor beschriebenen Art und Weise und zu dem zuvor benannten Zweck einverstanden.<\/p>\n<p><strong>Datenschutzerkl\u00e4rung f\u00fcr Google +1<\/strong><br \/>\nDiese WebSite verwendet Social-Media-Funktionen von Google Inc., 1600 Amphitheatre Parkway, Mountain View, CA 94043, USA. Bei Aufruf unserer Seiten mit Google-Plug-Ins wird eine Verbindung zwischen Ihrem Browser und den Servern von Google aufgebaut. Dabei werden bereits Daten an Google \u00fcbertragen. Besitzen Sie einen Google-Account, k\u00f6nnen diese Daten damit verkn\u00fcpft werden. Wenn Sie keine Zuordnung dieser Daten zu Ihrem Google-Account w\u00fcnschen, loggen Sie sich bitte vor dem Besuch unserer Seite bei Google aus. Interaktionen, insbesondere das Nutzen einer Kommentarfunktion oder das Anklicken eines \u201e+1\u201c- oder \u201eTeilen\u201c-Buttons werden ebenfalls an Google weitergegeben. Mehr erfahren Sie unter https:\/\/www.google.de\/intl\/de\/policies\/privacy.<\/p>\n<p><strong>Datenschutzerkl\u00e4rung f\u00fcr Facebook<\/strong><br \/>\nDiese WebSite verwendet Funktionen von Facebook Inc., 1601 S. California Ave, Palo Alto, CA 94304, USA . Bei Aufruf unserer Seiten mit Facebook-Plug-Ins wird eine Verbindung zwischen Ihrem Browser und den Servern von Facebook aufgebaut. Dabei werden bereits Daten an Facebook \u00fcbertragen. Besitzen Sie einen Facebook-Account, k\u00f6nnen diese Daten damit verkn\u00fcpft werden. Wenn Sie keine Zuordnung dieser Daten zu Ihrem Facebook-Account w\u00fcnschen, loggen Sie sich bitte vor dem Besuch unserer Seite bei Facebook aus. Interaktionen, insbesondere das Nutzen einer Kommentarfunktion oder das Anklicken eines \u201eLike\u201c- oder \u201eTeilen\u201c-Buttons werden ebenfalls an Facebook weitergegeben. Mehr erfahren Sie unter https:\/\/de-de.facebook.com\/about\/privacy.<\/p>\n<p><strong>Datenschutzerkl\u00e4rung f\u00fcr Twitter<\/strong><br \/>\nDiese WebSite verwendet Funktionen von Twitter, Inc., 1355 Market St, Suite 900, San Francisco, CA 94103, USA. Bei Aufruf unserer Seiten mit Twitter-Plug-Ins wird eine Verbindung zwischen Ihrem Browser und den Servern von Twitter aufgebaut. Dabei werden bereits Daten an Twitter \u00fcbertragen. Besitzen Sie einen Twitter-Account, k\u00f6nnen diese Daten damit verkn\u00fcpft werden. Wenn Sie keine Zuordnung dieser Daten zu Ihrem Twitter-Account w\u00fcnschen, loggen Sie sich bitte vor dem Besuch unserer Seite bei Twitter aus. Interaktionen, insbesondere das Anklicken eines \u201eRe-Tweet\u201c-Buttons werden ebenfalls an Twitter weitergegeben. Mehr erfahren Sie unter https:\/\/twitter.com\/privacy.<\/p>\n<p><strong>Datenschutzerkl\u00e4rung f\u00fcr YouTube<\/strong><br \/>\nDiese WebSite nutzt Plugins der von Google betriebenen Seite YouTube. Betreiber der Seiten ist die YouTube, LLC, 901 Cherry Ave., San Bruno, CA 94066, USA. Wenn Sie eine unserer mit einem YouTube-Plugin ausgestatteten Seiten besuchen, wird eine Verbindung zu den Servern von YouTube hergestellt. Dabei wird dem Youtube-Server mitgeteilt, welche unserer Seiten Sie besucht haben.<\/p>\n<p>Wenn Sie in Ihrem YouTube-Account eingeloggt sind erm\u00f6glichen Sie YouTube, Ihr Surfverhalten direkt Ihrem pers\u00f6nlichen Profil zuzuordnen. Dies k\u00f6nnen Sie verhindern, indem Sie sich aus Ihrem YouTube-Account ausloggen.<\/p>\n<p>Weitere Informationen zum Umgang von Nutzerdaten finden Sie in der Datenschutzerkl\u00e4rung von YouTube unter: https:\/\/www.google.de\/intl\/de\/policies\/privacy<\/p>\n<p><strong>Urheberrechte<\/strong><br \/>\nDie Urheber- und alle anderen Rechte an Inhalten, Bildern, Fotos oder anderen Dateien auf der Website, geh\u00f6ren ausschliesslich dem Betreiber dieser Website oder den speziell genannten Rechteinhabern. Fu\u0308r die Reproduktion von s\u00e4mtlichen Dateien, ist die schriftliche Zustimmung des Urheberrechtstr\u00e4gers im Voraus einzuholen.<\/p>\n<p>Wer ohne Einwilligung des jeweiligen Rechteinhabers eine Urheberrechtsverletzung begeht, kann sich strafbar und allenfalls Schadenersatzpflichtig machen.<\/p>\n<p><strong>Eingebettete Inhalte von anderen Websites<\/strong><br \/>\nBeitr\u00e4ge auf dieser Website k\u00f6nnen eingebettete Inhalte beinhalten (z. B. Videos, Bilder, Beitr\u00e4ge etc.). Eingebettete Inhalte von anderen Websites verhalten sich exakt so, als ob der Besucher die andere Website besucht h\u00e4tte.<\/p>\n<p>Diese Websites k\u00f6nnen Daten \u00fcber dich sammeln, Cookies benutzen, zus\u00e4tzliche Tracking-Dienste von Dritten einbetten und deine Interaktion mit diesem eingebetteten Inhalt aufzeichnen, inklusive deiner Interaktion mit dem eingebetteten Inhalt, falls du ein Konto hast und auf dieser Website angemeldet bist.<\/p>\n<p><strong>Allgemeiner Haftungsausschluss<\/strong><br \/>\nAlle Angaben unseres Internetangebotes wurden sorgf\u00e4ltig gepr\u00fcft. Wir bem\u00fchen uns, unser Informationsangebot aktuell, inhaltlich richtig und vollst\u00e4ndig anzubieten. Trotzdem kann das Auftreten von Fehlern nicht v\u00f6llig ausgeschlossen werden, womit wir keine Garantie f\u00fcr Vollst\u00e4ndigkeit, Richtigkeit und Aktualit\u00e4t von Informationen auch journalistisch-redaktioneller Art \u00fcbernehmen k\u00f6nnen. Haftungsanspr\u00fcche aus Sch\u00e4den materieller oder ideeller Art, die durch die Nutzung der angebotenen Informationen verursacht wurden, sind ausgeschlossen, sofern kein nachweislich vors\u00e4tzliches oder grob fahrl\u00e4ssiges Verschulden vorliegt.<\/p>\n<p>Der Herausgeber kann nach eigenem Ermessen und ohne Ank\u00fcndigung Texte ver\u00e4ndern oder l\u00f6schen und ist nicht verpflichtet, Inhalte dieser Website zu aktualisieren. Die Benutzung bzw. der Zugang zu dieser Website geschieht auf eigene Gefahr des Besuchers. Der Herausgeber, seine Auftraggeber oder Partner sind nicht verantwortlich f\u00fcr Sch\u00e4den, wie direkte, indirekte, zuf\u00e4llige, vorab konkret zu bestimmende oder Folgesch\u00e4den, die angeblich durch den Besuch dieser Website entstanden sind und \u00fcbernehmen hierf\u00fcr folglich keine Haftung.<\/p>\n<p>Der Herausgeber \u00fcbernimmt ebenfalls keine Verantwortung und Haftung f\u00fcr die Inhalte und die Verf\u00fcgbarkeit von Webseiten Dritter, die \u00fcber externe Links dieser Webseite erreichbar sind. F\u00fcr den Inhalt der verlinkten Seiten sind ausschliesslich deren Betreiber verantwortlich. Der Herausgeber distanziert sich damit ausdr\u00fccklich von allen Inhalten Dritter, die m\u00f6glicherweise straf- oder haftungsrechtlich relevant sind oder gegen die guten Sitten verstossen.<\/p>\n<p><strong>\u00c4nderungen<\/strong><br \/>\nWir k\u00f6nnen diese Datenschutzerkl\u00e4rung jederzeit ohne Vorank\u00fcndigung anpassen. Es gilt die jeweils aktuelle, auf unserer Website publizierte Fassung.<\/p>\n<p><strong>Fragen an den Datenschutzbeauftragten<\/strong><br \/>\nWenn Sie Fragen zum Datenschutz haben, schreiben Sie uns bitte eine E-Mail oder wenden Sie sich direkt an die f\u00fcr den Datenschutz zu Beginn der Datenschutzerkl\u00e4rung aufgef\u00fchrten, verantwortlichen Person in unserer Organisation.<\/p>\n<p>Z\u00fcrich, den 11.11.2019<\/p>\n<\/div><\/section>\n","protected":false},"excerpt":{"rendered":"","protected":false},"author":1,"featured_media":0,"parent":0,"menu_order":0,"comment_status":"closed","ping_status":"closed","template":"","meta":{"footnotes":""},"class_list":["post-2736","page","type-page","status-publish","hentry"],"_links":{"self":[{"href":"https:\/\/biacosmetic.ch\/en\/wp-json\/wp\/v2\/pages\/2736","targetHints":{"allow":["GET"]}}],"collection":[{"href":"https:\/\/biacosmetic.ch\/en\/wp-json\/wp\/v2\/pages"}],"about":[{"href":"https:\/\/biacosmetic.ch\/en\/wp-json\/wp\/v2\/types\/page"}],"author":[{"embeddable":true,"href":"https:\/\/biacosmetic.ch\/en\/wp-json\/wp\/v2\/users\/1"}],"replies":[{"embeddable":true,"href":"https:\/\/biacosmetic.ch\/en\/wp-json\/wp\/v2\/comments?post=2736"}],"version-history":[{"count":2,"href":"https:\/\/biacosmetic.ch\/en\/wp-json\/wp\/v2\/pages\/2736\/revisions"}],"predecessor-version":[{"id":2738,"href":"https:\/\/biacosmetic.ch\/en\/wp-json\/wp\/v2\/pages\/2736\/revisions\/2738"}],"wp:attachment":[{"href":"https:\/\/biacosmetic.ch\/en\/wp-json\/wp\/v2\/media?parent=2736"}],"curies":[{"name":"wp","href":"https:\/\/api.w.org\/{rel}","templated":true}]}}